{"id":2,"date":"2018-05-14T16:29:22","date_gmt":"2018-05-14T22:29:22","guid":{"rendered":"http:\/\/refrielectroeuan.com\/home\/?page_id=2"},"modified":"2023-02-28T15:35:47","modified_gmt":"2023-02-28T21:35:47","slug":"pagina-ejemplo","status":"publish","type":"page","link":"https:\/\/refrielectroeuan.com\/home\/","title":{"rendered":"Con\u00f3cenos"},"content":{"rendered":"<blockquote>\n<h3>Somos una empresa dedicada a la venta de refacciones de electrodom\u00e9sticos y refrigeraci\u00f3n.<\/h3>\n<\/blockquote>\n<article style=\"text-align: center;\"><img loading=\"lazy\" decoding=\"async\" class=\"wp-image-107 aligncenter\" style=\"background-repeat: no-repeat; background-position: 50%; border-radius: 2%; background-size: 100% auto;\" src=\"https:\/\/refrielectroeuan.com\/home\/wp-content\/uploads\/2020\/01\/20fd3f19-44a1-49e9-af04-caf8440a7e70.jpg\" alt=\"\" width=\"369\" height=\"277\" \/><\/article>\n\n\n<figure class=\"wp-block-gallery has-nested-images columns-default is-cropped wp-block-gallery-1 is-layout-flex wp-block-gallery-is-layout-flex\">\n<figure class=\"wp-block-image size-large\"><img loading=\"lazy\" decoding=\"async\" width=\"1024\" height=\"768\" data-id=\"201\" src=\"https:\/\/refrielectroeuan.com\/home\/wp-content\/uploads\/2020\/01\/5d9cd782-ad7a-4745-9bc4-fafc811ff272-1024x768.jpg\" alt=\"\" class=\"wp-image-201\" srcset=\"https:\/\/refrielectroeuan.com\/home\/wp-content\/uploads\/2020\/01\/5d9cd782-ad7a-4745-9bc4-fafc811ff272-1024x768.jpg 1024w, https:\/\/refrielectroeuan.com\/home\/wp-content\/uploads\/2020\/01\/5d9cd782-ad7a-4745-9bc4-fafc811ff272-300x225.jpg 300w, https:\/\/refrielectroeuan.com\/home\/wp-content\/uploads\/2020\/01\/5d9cd782-ad7a-4745-9bc4-fafc811ff272-768x576.jpg 768w, https:\/\/refrielectroeuan.com\/home\/wp-content\/uploads\/2020\/01\/5d9cd782-ad7a-4745-9bc4-fafc811ff272.jpg 1032w\" sizes=\"auto, (max-width: 1024px) 100vw, 1024px\" \/><\/figure>\n\n\n\n<figure class=\"wp-block-image size-large\"><img loading=\"lazy\" decoding=\"async\" width=\"1024\" height=\"768\" data-id=\"200\" src=\"https:\/\/refrielectroeuan.com\/home\/wp-content\/uploads\/2020\/01\/3d7104b5-0d1b-461a-ba02-473e5e40503d-1024x768.jpg\" alt=\"\" class=\"wp-image-200\" srcset=\"https:\/\/refrielectroeuan.com\/home\/wp-content\/uploads\/2020\/01\/3d7104b5-0d1b-461a-ba02-473e5e40503d-1024x768.jpg 1024w, https:\/\/refrielectroeuan.com\/home\/wp-content\/uploads\/2020\/01\/3d7104b5-0d1b-461a-ba02-473e5e40503d-300x225.jpg 300w, https:\/\/refrielectroeuan.com\/home\/wp-content\/uploads\/2020\/01\/3d7104b5-0d1b-461a-ba02-473e5e40503d-768x576.jpg 768w, https:\/\/refrielectroeuan.com\/home\/wp-content\/uploads\/2020\/01\/3d7104b5-0d1b-461a-ba02-473e5e40503d.jpg 1032w\" sizes=\"auto, (max-width: 1024px) 100vw, 1024px\" \/><\/figure>\n\n\n\n<figure class=\"wp-block-image size-large\"><img loading=\"lazy\" decoding=\"async\" width=\"1024\" height=\"768\" data-id=\"202\" src=\"https:\/\/refrielectroeuan.com\/home\/wp-content\/uploads\/2020\/01\/7b2f15e4-10f0-4db3-8076-8eb675c0e549-1024x768.jpg\" alt=\"\" class=\"wp-image-202\" srcset=\"https:\/\/refrielectroeuan.com\/home\/wp-content\/uploads\/2020\/01\/7b2f15e4-10f0-4db3-8076-8eb675c0e549-1024x768.jpg 1024w, https:\/\/refrielectroeuan.com\/home\/wp-content\/uploads\/2020\/01\/7b2f15e4-10f0-4db3-8076-8eb675c0e549-300x225.jpg 300w, https:\/\/refrielectroeuan.com\/home\/wp-content\/uploads\/2020\/01\/7b2f15e4-10f0-4db3-8076-8eb675c0e549-768x576.jpg 768w, https:\/\/refrielectroeuan.com\/home\/wp-content\/uploads\/2020\/01\/7b2f15e4-10f0-4db3-8076-8eb675c0e549.jpg 1032w\" sizes=\"auto, (max-width: 1024px) 100vw, 1024px\" \/><\/figure>\n<\/figure>\n\n\n\n<p style=\"text-align: center;\"><strong>Ubica f\u00e1cilmente nuestra tienda en el centro de M\u00e9rida<\/strong><\/p>\n\n\n\t\t<div\n            id=\"wpmapblock_f7ab0b42\"\n            data-settings='{&quot;map_marker&quot;:[{&quot;lat&quot;:&quot;20.96696&quot;,&quot;lng&quot;:&quot;-89.61212&quot;,&quot;title&quot;:&quot;Refri Eletro Euan Centro&quot;,&quot;content&quot;:&quot;&quot;,&quot;iconType&quot;:&quot;default&quot;,&quot;customIconUrl&quot;:&quot;&quot;,&quot;customIconWidth&quot;:&quot;25&quot;,&quot;customIconHeight&quot;:&quot;40&quot;}],&quot;map_zoom&quot;:&quot;17&quot;,&quot;scroll_wheel_zoom&quot;:false,&quot;map_type&quot;:&quot;GM&quot;,&quot;center_index&quot;:0}'\n            class=\"wpmapblockrender\"\n            style=\"\n\t\t\twidth: 100%;\n\t\t\theight: 500px;\n\t\t\"\n            >\n        <\/div>\n        ","protected":false},"excerpt":{"rendered":"<p>Somos una empresa dedicada a la venta de refacciones de electrodom\u00e9sticos y refrigeraci\u00f3n. Ubica f\u00e1cilmente nuestra tienda en el centro de M\u00e9rida<\/p>\n","protected":false},"author":1,"featured_media":68,"parent":0,"menu_order":0,"comment_status":"closed","ping_status":"open","template":"","meta":{"footnotes":""},"class_list":["post-2","page","type-page","status-publish","has-post-thumbnail","hentry"],"_links":{"self":[{"href":"https:\/\/refrielectroeuan.com\/home\/wp-json\/wp\/v2\/pages\/2","targetHints":{"allow":["GET"]}}],"collection":[{"href":"https:\/\/refrielectroeuan.com\/home\/wp-json\/wp\/v2\/pages"}],"about":[{"href":"https:\/\/refrielectroeuan.com\/home\/wp-json\/wp\/v2\/types\/page"}],"author":[{"embeddable":true,"href":"https:\/\/refrielectroeuan.com\/home\/wp-json\/wp\/v2\/users\/1"}],"replies":[{"embeddable":true,"href":"https:\/\/refrielectroeuan.com\/home\/wp-json\/wp\/v2\/comments?post=2"}],"version-history":[{"count":17,"href":"https:\/\/refrielectroeuan.com\/home\/wp-json\/wp\/v2\/pages\/2\/revisions"}],"predecessor-version":[{"id":252,"href":"https:\/\/refrielectroeuan.com\/home\/wp-json\/wp\/v2\/pages\/2\/revisions\/252"}],"wp:featuredmedia":[{"embeddable":true,"href":"https:\/\/refrielectroeuan.com\/home\/wp-json\/wp\/v2\/media\/68"}],"wp:attachment":[{"href":"https:\/\/refrielectroeuan.com\/home\/wp-json\/wp\/v2\/media?parent=2"}],"curies":[{"name":"wp","href":"https:\/\/api.w.org\/{rel}","templated":true}]}}